{"id":950,"date":"2021-04-23T06:55:04","date_gmt":"2021-04-23T06:55:04","guid":{"rendered":"https:\/\/gizemkuafor.com\/index.php\/about\/"},"modified":"2023-03-27T00:45:20","modified_gmt":"2023-03-26T21:45:20","slug":"about","status":"publish","type":"page","link":"https:\/\/gizemkuafor.com\/index.php\/about\/","title":{"rendered":"About"},"content":{"rendered":"\t\t<div data-elementor-type=\"wp-page\" data-elementor-id=\"950\" class=\"elementor elementor-950\">\n\t\t\t\t\t\t\t\t\t<section class=\"elementor-section elementor-top-section elementor-element elementor-element-83d8d17 elementor-section-boxed elementor-section-height-default elementor-section-height-default\" data-id=\"83d8d17\" data-element_type=\"section\" data-settings=\"{&quot;background_background&quot;:&quot;classic&quot;}\">\n\t\t\t\t\t\t<div class=\"elementor-container elementor-column-gap-no\">\n\t\t\t\t\t<div class=\"elementor-column elementor-col-100 elementor-top-column elementor-element elementor-element-70e39c2\" data-id=\"70e39c2\" data-element_type=\"column\">\n\t\t\t<div class=\"elementor-widget-wrap elementor-element-populated\">\n\t\t\t\t\t\t\t\t<div class=\"elementor-element elementor-element-a046c6f elementor-widget elementor-widget-heading\" data-id=\"a046c6f\" data-element_type=\"widget\" data-widget_type=\"heading.default\">\n\t\t\t\t<div class=\"elementor-widget-container\">\n\t\t\t<style>\/*! elementor - v3.8.0 - 30-10-2022 *\/\n.elementor-heading-title{padding:0;margin:0;line-height:1}.elementor-widget-heading .elementor-heading-title[class*=elementor-size-]>a{color:inherit;font-size:inherit;line-height:inherit}.elementor-widget-heading .elementor-heading-title.elementor-size-small{font-size:15px}.elementor-widget-heading .elementor-heading-title.elementor-size-medium{font-size:19px}.elementor-widget-heading .elementor-heading-title.elementor-size-large{font-size:29px}.elementor-widget-heading .elementor-heading-title.elementor-size-xl{font-size:39px}.elementor-widget-heading .elementor-heading-title.elementor-size-xxl{font-size:59px}<\/style><h1 class=\"elementor-heading-title elementor-size-default\">Hakk\u0131m\u0131zda<\/h1>\t\t<\/div>\n\t\t\t\t<\/div>\n\t\t\t\t\t<\/div>\n\t\t<\/div>\n\t\t\t\t\t\t\t<\/div>\n\t\t<\/section>\n\t\t\t\t<section class=\"elementor-section elementor-top-section elementor-element elementor-element-ca024ef elementor-section-content-middle elementor-section-boxed elementor-section-height-default elementor-section-height-default\" data-id=\"ca024ef\" data-element_type=\"section\" data-settings=\"{&quot;background_background&quot;:&quot;classic&quot;}\">\n\t\t\t\t\t\t<div class=\"elementor-container elementor-column-gap-no\">\n\t\t\t\t\t<div class=\"elementor-column elementor-col-66 elementor-top-column elementor-element elementor-element-84d8e7d\" data-id=\"84d8e7d\" data-element_type=\"column\">\n\t\t\t<div class=\"elementor-widget-wrap elementor-element-populated\">\n\t\t\t\t\t\t\t\t<div class=\"elementor-element elementor-element-3b305d0 elementor-widget elementor-widget-heading\" data-id=\"3b305d0\" data-element_type=\"widget\" data-widget_type=\"heading.default\">\n\t\t\t\t<div class=\"elementor-widget-container\">\n\t\t\t<h2 class=\"elementor-heading-title elementor-size-default\">Biz Kimiz?<\/h2>\t\t<\/div>\n\t\t\t\t<\/div>\n\t\t\t\t<div class=\"elementor-element elementor-element-eeca957 elementor-widget elementor-widget-text-editor\" data-id=\"eeca957\" data-element_type=\"widget\" data-widget_type=\"text-editor.default\">\n\t\t\t\t<div class=\"elementor-widget-container\">\n\t\t\t<style>\/*! elementor - v3.8.0 - 30-10-2022 *\/\n.elementor-widget-text-editor.elementor-drop-cap-view-stacked .elementor-drop-cap{background-color:#818a91;color:#fff}.elementor-widget-text-editor.elementor-drop-cap-view-framed .elementor-drop-cap{color:#818a91;border:3px solid;background-color:transparent}.elementor-widget-text-editor:not(.elementor-drop-cap-view-default) .elementor-drop-cap{margin-top:8px}.elementor-widget-text-editor:not(.elementor-drop-cap-view-default) .elementor-drop-cap-letter{width:1em;height:1em}.elementor-widget-text-editor .elementor-drop-cap{float:left;text-align:center;line-height:1;font-size:50px}.elementor-widget-text-editor .elementor-drop-cap-letter{display:inline-block}<\/style>\t\t\t\t<div class=\"elementor-element elementor-element-921c1d8 elementor-widget elementor-widget-heading\" data-id=\"921c1d8\" data-element_type=\"widget\" data-widget_type=\"heading.default\"><div class=\"elementor-widget-container\"><h2 class=\"elementor-heading-title elementor-size-default\">Hakk\u0131mda<\/h2><\/div><\/div><div class=\"elementor-element elementor-element-c1e8312 elementor-widget elementor-widget-text-editor\" data-id=\"c1e8312\" data-element_type=\"widget\" data-widget_type=\"text-editor.default\"><div class=\"elementor-widget-container\"><p>21 y\u0131l\u0131 a\u015fk\u0131n deneyime ve \u00e7al\u0131\u015fmalar\u0131m\u0131z\u0131 takdir eden sertifikalara sahip 8 sertifikal\u0131 g\u00fczellik uzman\u0131ndan olu\u015fan bir ekibiz.<\/p><\/div><\/div><div class=\"elementor-element elementor-element-f7095d4 elementor-widget elementor-widget-text-editor\" data-id=\"f7095d4\" data-element_type=\"widget\" data-widget_type=\"text-editor.default\"><div class=\"elementor-widget-container\"><p>2002 Y\u0131l\u0131nda \u0130zmirin Torbal\u0131 il\u00e7esinde mesle\u011fe ba\u015flam\u0131\u015f bir anne olarak, mesle\u011fe biricik k\u0131z\u0131m Gizem ile birlikte devam etmekteyiz. En \u00f6zel g\u00fcnlerinizde profesyonel t\u00fcrban tasar\u0131m, profesyonel makyaj, ipek kirpik vb. \u00fcr\u00fcnleri sizin i\u00e7in optimize ederek en g\u00fczel g\u00fcnlerinizde sizin mutlulu\u011funuzu payla\u015fmak i\u00e7in bu mesle\u011fi yap\u0131yoruz.<\/p><\/div><\/div><div class=\"elementor-element elementor-element-45ba782 elementor-widget elementor-widget-text-editor\" data-id=\"45ba782\" data-element_type=\"widget\" data-widget_type=\"text-editor.default\"><div class=\"elementor-widget-container\"><p>Y\u00fcksel Akdemir<\/p><\/div><\/div>\t\t\t\t\t\t<\/div>\n\t\t\t\t<\/div>\n\t\t\t\t\t<\/div>\n\t\t<\/div>\n\t\t\t\t<div class=\"elementor-column elementor-col-33 elementor-top-column elementor-element elementor-element-d757ef3\" data-id=\"d757ef3\" data-element_type=\"column\">\n\t\t\t<div class=\"elementor-widget-wrap elementor-element-populated\">\n\t\t\t\t\t\t\t\t<div class=\"elementor-element elementor-element-6de7607 elementor-widget elementor-widget-image\" data-id=\"6de7607\" data-element_type=\"widget\" data-widget_type=\"image.default\">\n\t\t\t\t<div class=\"elementor-widget-container\">\n\t\t\t<style>\/*! elementor - v3.8.0 - 30-10-2022 *\/\n.elementor-widget-image{text-align:center}.elementor-widget-image a{display:inline-block}.elementor-widget-image a img[src$=\".svg\"]{width:48px}.elementor-widget-image img{vertical-align:middle;display:inline-block}<\/style>\t\t\t\t\t\t\t\t\t\t\t\t<img decoding=\"async\" src=\"https:\/\/gizemkuafor.com\/wp-content\/uploads\/elementor\/thumbs\/WhatsApp-Image-2023-03-27-at-00.32.24-q43ntim65rbhwrhk1fdtjv4yymaikmcgd77ehoe00w.jpeg\" title=\"WhatsApp Image 2023-03-27 at 00.32.24\" alt=\"WhatsApp Image 2023-03-27 at 00.32.24\" \/>\t\t\t\t\t\t\t\t\t\t\t\t\t\t\t<\/div>\n\t\t\t\t<\/div>\n\t\t\t\t\t<\/div>\n\t\t<\/div>\n\t\t\t\t\t\t\t<\/div>\n\t\t<\/section>\n\t\t\t\t<section class=\"elementor-section elementor-top-section elementor-element elementor-element-e11d849 elementor-section-boxed elementor-section-height-default elementor-section-height-default\" data-id=\"e11d849\" data-element_type=\"section\">\n\t\t\t\t\t\t<div class=\"elementor-container elementor-column-gap-default\">\n\t\t\t\t\t<div class=\"elementor-column elementor-col-100 elementor-top-column elementor-element elementor-element-93fd024\" data-id=\"93fd024\" data-element_type=\"column\">\n\t\t\t<div class=\"elementor-widget-wrap elementor-element-populated\">\n\t\t\t\t\t\t\t\t<div class=\"elementor-element elementor-element-e548d47 elementor-widget elementor-widget-image\" data-id=\"e548d47\" data-element_type=\"widget\" data-widget_type=\"image.default\">\n\t\t\t\t<div class=\"elementor-widget-container\">\n\t\t\t\t\t\t\t\t\t\t\t\t\t\t\t<img decoding=\"async\" width=\"1024\" height=\"683\" src=\"https:\/\/gizemkuafor.com\/wp-content\/uploads\/2023\/03\/WhatsApp-Image-2023-03-27-at-00.33.07-1024x683.jpeg\" class=\"attachment-large size-large\" alt=\"\" loading=\"lazy\" srcset=\"https:\/\/gizemkuafor.com\/wp-content\/uploads\/2023\/03\/WhatsApp-Image-2023-03-27-at-00.33.07-1024x683.jpeg 1024w, https:\/\/gizemkuafor.com\/wp-content\/uploads\/2023\/03\/WhatsApp-Image-2023-03-27-at-00.33.07-300x200.jpeg 300w, https:\/\/gizemkuafor.com\/wp-content\/uploads\/2023\/03\/WhatsApp-Image-2023-03-27-at-00.33.07-768x512.jpeg 768w, https:\/\/gizemkuafor.com\/wp-content\/uploads\/2023\/03\/WhatsApp-Image-2023-03-27-at-00.33.07-1536x1025.jpeg 1536w, https:\/\/gizemkuafor.com\/wp-content\/uploads\/2023\/03\/WhatsApp-Image-2023-03-27-at-00.33.07.jpeg 2048w\" sizes=\"(max-width: 1024px) 100vw, 1024px\" \/>\t\t\t\t\t\t\t\t\t\t\t\t\t\t\t<\/div>\n\t\t\t\t<\/div>\n\t\t\t\t\t<\/div>\n\t\t<\/div>\n\t\t\t\t\t\t\t<\/div>\n\t\t<\/section>\n\t\t\t\t<section class=\"elementor-section elementor-top-section elementor-element elementor-element-e97c3d9 elementor-section-content-middle elementor-section-boxed elementor-section-height-default elementor-section-height-default\" data-id=\"e97c3d9\" data-element_type=\"section\" data-settings=\"{&quot;background_background&quot;:&quot;classic&quot;}\">\n\t\t\t\t\t\t<div class=\"elementor-container elementor-column-gap-no\">\n\t\t\t\t\t<div class=\"elementor-column elementor-col-33 elementor-top-column elementor-element elementor-element-8d07c0f\" data-id=\"8d07c0f\" data-element_type=\"column\">\n\t\t\t<div class=\"elementor-widget-wrap elementor-element-populated\">\n\t\t\t\t\t\t\t\t<div class=\"elementor-element elementor-element-3d8d8c8 elementor-widget elementor-widget-image\" data-id=\"3d8d8c8\" data-element_type=\"widget\" data-widget_type=\"image.default\">\n\t\t\t\t<div class=\"elementor-widget-container\">\n\t\t\t\t\t\t\t\t\t\t\t\t\t\t\t<img decoding=\"async\" width=\"683\" height=\"1024\" src=\"https:\/\/gizemkuafor.com\/wp-content\/uploads\/2023\/03\/WhatsApp-Image-2023-03-27-at-00.34.12-683x1024.jpeg\" class=\"attachment-large size-large\" alt=\"\" loading=\"lazy\" srcset=\"https:\/\/gizemkuafor.com\/wp-content\/uploads\/2023\/03\/WhatsApp-Image-2023-03-27-at-00.34.12-683x1024.jpeg 683w, https:\/\/gizemkuafor.com\/wp-content\/uploads\/2023\/03\/WhatsApp-Image-2023-03-27-at-00.34.12-200x300.jpeg 200w, https:\/\/gizemkuafor.com\/wp-content\/uploads\/2023\/03\/WhatsApp-Image-2023-03-27-at-00.34.12-768x1151.jpeg 768w, https:\/\/gizemkuafor.com\/wp-content\/uploads\/2023\/03\/WhatsApp-Image-2023-03-27-at-00.34.12-1025x1536.jpeg 1025w, https:\/\/gizemkuafor.com\/wp-content\/uploads\/2023\/03\/WhatsApp-Image-2023-03-27-at-00.34.12.jpeg 1366w\" sizes=\"(max-width: 683px) 100vw, 683px\" \/>\t\t\t\t\t\t\t\t\t\t\t\t\t\t\t<\/div>\n\t\t\t\t<\/div>\n\t\t\t\t\t<\/div>\n\t\t<\/div>\n\t\t\t\t<div class=\"elementor-column elementor-col-66 elementor-top-column elementor-element elementor-element-06b5729\" data-id=\"06b5729\" data-element_type=\"column\">\n\t\t\t<div class=\"elementor-widget-wrap elementor-element-populated\">\n\t\t\t\t\t\t\t\t<div class=\"elementor-element elementor-element-6e3b3d0 elementor-widget elementor-widget-heading\" data-id=\"6e3b3d0\" data-element_type=\"widget\" data-widget_type=\"heading.default\">\n\t\t\t\t<div class=\"elementor-widget-container\">\n\t\t\t<h2 class=\"elementor-heading-title elementor-size-default\">Misyonumuz<\/h2>\t\t<\/div>\n\t\t\t\t<\/div>\n\t\t\t\t<div class=\"elementor-element elementor-element-066722d elementor-widget elementor-widget-text-editor\" data-id=\"066722d\" data-element_type=\"widget\" data-widget_type=\"text-editor.default\">\n\t\t\t\t<div class=\"elementor-widget-container\">\n\t\t\t\t\t\t\t<p>Mesleki bilgi birikimimizi her g\u00fcn daha fazla artt\u0131rmak istememiz, y\u0131lda iki defa yenilenen sa\u00e7 modas\u0131n\u0131 yak\u0131ndan takip etmemiz, yeni teknolojileri iyi kullanma \u00e7abam\u0131z, k\u00fc\u00e7\u00fck ya\u015flardan bug\u00fcne binlerce servisin sonunda edindi\u011fimiz tecr\u00fcbenin vermi\u015f oldu\u011fu \u00f6zg\u00fcvenle, yarat\u0131c\u0131l\u0131\u011f\u0131m\u0131z\u0131 daha ileriye ta\u015f\u0131ma iste\u011fimiz<br \/>HEP M\u00dc\u015eTER\u0130LER\u0130M\u0130Z\u0130 DAHA \u00c7OK MUTLU ETME \u00c7ABAMIZDAN KAYNAKLANIR.<\/p>\t\t\t\t\t\t<\/div>\n\t\t\t\t<\/div>\n\t\t\t\t\t<\/div>\n\t\t<\/div>\n\t\t\t\t\t\t\t<\/div>\n\t\t<\/section>\n\t\t\t\t<section class=\"elementor-section elementor-top-section elementor-element elementor-element-99a4898 elementor-section-boxed elementor-section-height-default elementor-section-height-default\" data-id=\"99a4898\" data-element_type=\"section\">\n\t\t\t\t\t\t<div class=\"elementor-container elementor-column-gap-default\">\n\t\t\t\t\t<div class=\"elementor-column elementor-col-50 elementor-top-column elementor-element elementor-element-e8156d6\" data-id=\"e8156d6\" data-element_type=\"column\">\n\t\t\t<div class=\"elementor-widget-wrap elementor-element-populated\">\n\t\t\t\t\t\t\t\t<div class=\"elementor-element elementor-element-7552bf5 elementor-widget elementor-widget-image\" data-id=\"7552bf5\" data-element_type=\"widget\" data-widget_type=\"image.default\">\n\t\t\t\t<div class=\"elementor-widget-container\">\n\t\t\t\t\t\t\t\t\t\t\t\t\t\t\t<img decoding=\"async\" width=\"683\" height=\"1024\" src=\"https:\/\/gizemkuafor.com\/wp-content\/uploads\/2023\/03\/WhatsApp-Image-2023-03-27-at-00.36.42.jpeg\" class=\"attachment-large size-large\" alt=\"\" loading=\"lazy\" srcset=\"https:\/\/gizemkuafor.com\/wp-content\/uploads\/2023\/03\/WhatsApp-Image-2023-03-27-at-00.36.42.jpeg 683w, https:\/\/gizemkuafor.com\/wp-content\/uploads\/2023\/03\/WhatsApp-Image-2023-03-27-at-00.36.42-200x300.jpeg 200w\" sizes=\"(max-width: 683px) 100vw, 683px\" \/>\t\t\t\t\t\t\t\t\t\t\t\t\t\t\t<\/div>\n\t\t\t\t<\/div>\n\t\t\t\t\t<\/div>\n\t\t<\/div>\n\t\t\t\t<div class=\"elementor-column elementor-col-50 elementor-top-column elementor-element elementor-element-e4a8a40\" data-id=\"e4a8a40\" data-element_type=\"column\">\n\t\t\t<div class=\"elementor-widget-wrap elementor-element-populated\">\n\t\t\t\t\t\t\t\t<div class=\"elementor-element elementor-element-9811542 elementor-widget elementor-widget-image\" data-id=\"9811542\" data-element_type=\"widget\" data-widget_type=\"image.default\">\n\t\t\t\t<div class=\"elementor-widget-container\">\n\t\t\t\t\t\t\t\t\t\t\t\t\t\t\t<img decoding=\"async\" width=\"683\" height=\"1024\" src=\"https:\/\/gizemkuafor.com\/wp-content\/uploads\/2023\/03\/WhatsApp-Image-2023-03-27-at-00.36.01.jpeg\" class=\"attachment-large size-large\" alt=\"\" loading=\"lazy\" srcset=\"https:\/\/gizemkuafor.com\/wp-content\/uploads\/2023\/03\/WhatsApp-Image-2023-03-27-at-00.36.01.jpeg 683w, https:\/\/gizemkuafor.com\/wp-content\/uploads\/2023\/03\/WhatsApp-Image-2023-03-27-at-00.36.01-200x300.jpeg 200w\" sizes=\"(max-width: 683px) 100vw, 683px\" \/>\t\t\t\t\t\t\t\t\t\t\t\t\t\t\t<\/div>\n\t\t\t\t<\/div>\n\t\t\t\t\t<\/div>\n\t\t<\/div>\n\t\t\t\t\t\t\t<\/div>\n\t\t<\/section>\n\t\t\t\t<section class=\"elementor-section elementor-top-section elementor-element elementor-element-d01dbde elementor-section-boxed elementor-section-height-default elementor-section-height-default\" data-id=\"d01dbde\" data-element_type=\"section\" data-settings=\"{&quot;background_background&quot;:&quot;classic&quot;}\">\n\t\t\t\t\t\t<div class=\"elementor-container elementor-column-gap-no\">\n\t\t\t\t\t<div class=\"elementor-column elementor-col-33 elementor-top-column elementor-element elementor-element-6e8b898\" data-id=\"6e8b898\" data-element_type=\"column\">\n\t\t\t<div class=\"elementor-widget-wrap elementor-element-populated\">\n\t\t\t\t\t\t\t\t<div class=\"elementor-element elementor-element-71927d9 elementor-position-top elementor-vertical-align-top elementor-widget elementor-widget-image-box\" data-id=\"71927d9\" data-element_type=\"widget\" data-widget_type=\"image-box.default\">\n\t\t\t\t<div class=\"elementor-widget-container\">\n\t\t\t<style>\/*! elementor - v3.8.0 - 30-10-2022 *\/\n.elementor-widget-image-box .elementor-image-box-content{width:100%}@media (min-width:768px){.elementor-widget-image-box.elementor-position-left .elementor-image-box-wrapper,.elementor-widget-image-box.elementor-position-right .elementor-image-box-wrapper{display:-webkit-box;display:-ms-flexbox;display:flex}.elementor-widget-image-box.elementor-position-right .elementor-image-box-wrapper{text-align:right;-webkit-box-orient:horizontal;-webkit-box-direction:reverse;-ms-flex-direction:row-reverse;flex-direction:row-reverse}.elementor-widget-image-box.elementor-position-left .elementor-image-box-wrapper{text-align:left;-webkit-box-orient:horizontal;-webkit-box-direction:normal;-ms-flex-direction:row;flex-direction:row}.elementor-widget-image-box.elementor-position-top .elementor-image-box-img{margin:auto}.elementor-widget-image-box.elementor-vertical-align-top .elementor-image-box-wrapper{-webkit-box-align:start;-ms-flex-align:start;align-items:flex-start}.elementor-widget-image-box.elementor-vertical-align-middle .elementor-image-box-wrapper{-webkit-box-align:center;-ms-flex-align:center;align-items:center}.elementor-widget-image-box.elementor-vertical-align-bottom .elementor-image-box-wrapper{-webkit-box-align:end;-ms-flex-align:end;align-items:flex-end}}@media (max-width:767px){.elementor-widget-image-box .elementor-image-box-img{margin-left:auto!important;margin-right:auto!important;margin-bottom:15px}}.elementor-widget-image-box .elementor-image-box-img{display:inline-block}.elementor-widget-image-box .elementor-image-box-title a{color:inherit}.elementor-widget-image-box .elementor-image-box-wrapper{text-align:center}.elementor-widget-image-box .elementor-image-box-description{margin:0}<\/style><div class=\"elementor-image-box-wrapper\"><div class=\"elementor-image-box-content\"><h2 class=\"elementor-image-box-title\">21<\/h2><p class=\"elementor-image-box-description\">Y\u0131l<\/p><\/div><\/div>\t\t<\/div>\n\t\t\t\t<\/div>\n\t\t\t\t\t<\/div>\n\t\t<\/div>\n\t\t\t\t<div class=\"elementor-column elementor-col-33 elementor-top-column elementor-element elementor-element-69069ba\" data-id=\"69069ba\" data-element_type=\"column\">\n\t\t\t<div class=\"elementor-widget-wrap elementor-element-populated\">\n\t\t\t\t\t\t\t\t<div class=\"elementor-element elementor-element-181d92f elementor-position-top elementor-vertical-align-top elementor-widget elementor-widget-image-box\" data-id=\"181d92f\" data-element_type=\"widget\" data-widget_type=\"image-box.default\">\n\t\t\t\t<div class=\"elementor-widget-container\">\n\t\t\t<div class=\"elementor-image-box-wrapper\"><div class=\"elementor-image-box-content\"><h2 class=\"elementor-image-box-title\">7665<\/h2><p class=\"elementor-image-box-description\">Mutlu Gelin<\/p><\/div><\/div>\t\t<\/div>\n\t\t\t\t<\/div>\n\t\t\t\t\t<\/div>\n\t\t<\/div>\n\t\t\t\t<div class=\"elementor-column elementor-col-33 elementor-top-column elementor-element elementor-element-acc79b5\" data-id=\"acc79b5\" data-element_type=\"column\">\n\t\t\t<div class=\"elementor-widget-wrap\">\n\t\t\t\t\t\t\t\t\t<\/div>\n\t\t<\/div>\n\t\t\t\t\t\t\t<\/div>\n\t\t<\/section>\n\t\t\t\t<section class=\"elementor-section elementor-top-section elementor-element elementor-element-12727fa elementor-section-content-middle elementor-section-boxed elementor-section-height-default elementor-section-height-default\" data-id=\"12727fa\" data-element_type=\"section\" data-settings=\"{&quot;background_background&quot;:&quot;classic&quot;}\">\n\t\t\t\t\t\t<div class=\"elementor-container elementor-column-gap-no\">\n\t\t\t\t\t<div class=\"elementor-column elementor-col-66 elementor-top-column elementor-element elementor-element-03f62b4\" data-id=\"03f62b4\" data-element_type=\"column\">\n\t\t\t<div class=\"elementor-widget-wrap elementor-element-populated\">\n\t\t\t\t\t\t\t\t<div class=\"elementor-element elementor-element-be0e895 elementor-widget elementor-widget-heading\" data-id=\"be0e895\" data-element_type=\"widget\" data-widget_type=\"heading.default\">\n\t\t\t\t<div class=\"elementor-widget-container\">\n\t\t\t<h2 class=\"elementor-heading-title elementor-size-default\">Rezervasyon ve Bilgi i\u00e7in bizi aray\u0131n<\/h2>\t\t<\/div>\n\t\t\t\t<\/div>\n\t\t\t\t\t<\/div>\n\t\t<\/div>\n\t\t\t\t<div class=\"elementor-column elementor-col-33 elementor-top-column elementor-element elementor-element-0a71b76\" data-id=\"0a71b76\" data-element_type=\"column\">\n\t\t\t<div class=\"elementor-widget-wrap elementor-element-populated\">\n\t\t\t\t\t\t\t\t<div class=\"elementor-element elementor-element-09d74f7 elementor-align-center elementor-tablet-align-right elementor-mobile-align-center elementor-widget elementor-widget-button\" data-id=\"09d74f7\" data-element_type=\"widget\" data-widget_type=\"button.default\">\n\t\t\t\t<div class=\"elementor-widget-container\">\n\t\t\t\t\t<div class=\"elementor-button-wrapper\">\n\t\t\t<a href=\"#\" class=\"elementor-button-link elementor-button elementor-size-sm\" role=\"button\">\n\t\t\t\t\t\t<span class=\"elementor-button-content-wrapper\">\n\t\t\t\t\t\t\t<span class=\"elementor-button-icon elementor-align-icon-left\">\n\t\t\t\t<i aria-hidden=\"true\" class=\"fas fa-phone-alt\"><\/i>\t\t\t<\/span>\n\t\t\t\t\t\t<span class=\"elementor-button-text\">+905306913721<\/span>\n\t\t<\/span>\n\t\t\t\t\t<\/a>\n\t\t<\/div>\n\t\t\t\t<\/div>\n\t\t\t\t<\/div>\n\t\t\t\t\t<\/div>\n\t\t<\/div>\n\t\t\t\t\t\t\t<\/div>\n\t\t<\/section>\n\t\t\t\t\t\t\t<\/div>\n\t\t","protected":false},"excerpt":{"rendered":"<p>Hakk\u0131m\u0131zda Biz Kimiz? Hakk\u0131mda 21 y\u0131l\u0131 a\u015fk\u0131n deneyime ve \u00e7al\u0131\u015fmalar\u0131m\u0131z\u0131 takdir eden sertifikalara sahip 8 sertifikal\u0131 g\u00fczellik uzman\u0131ndan olu\u015fan bir ekibiz. 2002 Y\u0131l\u0131nda \u0130zmirin Torbal\u0131 il\u00e7esinde mesle\u011fe ba\u015flam\u0131\u015f bir anne olarak, mesle\u011fe biricik k\u0131z\u0131m Gizem ile birlikte devam etmekteyiz. En \u00f6zel g\u00fcnlerinizde profesyonel t\u00fcrban tasar\u0131m, profesyonel makyaj, ipek kirpik vb. \u00fcr\u00fcnleri sizin i\u00e7in optimize ederek &hellip;<\/p>\n<p class=\"read-more\"> <a class=\"\" href=\"https:\/\/gizemkuafor.com\/index.php\/about\/\"> <span class=\"screen-reader-text\">About<\/span> Devam\u0131 &raquo;<\/a><\/p>\n","protected":false},"author":1,"featured_media":0,"parent":0,"menu_order":0,"comment_status":"closed","ping_status":"closed","template":"","meta":{"om_disable_all_campaigns":false,"_mi_skip_tracking":false,"site-sidebar-layout":"no-sidebar","site-content-layout":"page-builder","ast-global-header-display":"","ast-main-header-display":"","ast-hfb-above-header-display":"","ast-hfb-below-header-display":"","ast-hfb-mobile-header-display":"","site-post-title":"disabled","ast-breadcrumbs-content":"","ast-featured-img":"disabled","footer-sml-layout":"","theme-transparent-header-meta":"enabled","adv-header-id-meta":"","stick-header-meta":"","header-above-stick-meta":"","header-main-stick-meta":"","header-below-stick-meta":""},"aioseo_notices":[],"uagb_featured_image_src":{"full":false,"thumbnail":false,"medium":false,"medium_large":false,"large":false,"1536x1536":false,"2048x2048":false},"uagb_author_info":{"display_name":"yusufsahinozkan","author_link":"https:\/\/gizemkuafor.com\/index.php\/author\/yusufsahinozkan\/"},"uagb_comment_info":0,"uagb_excerpt":"Hakk\u0131m\u0131zda Biz Kimiz? Hakk\u0131mda 21 y\u0131l\u0131 a\u015fk\u0131n deneyime ve \u00e7al\u0131\u015fmalar\u0131m\u0131z\u0131 takdir eden sertifikalara sahip 8 sertifikal\u0131 g\u00fczellik uzman\u0131ndan olu\u015fan bir ekibiz. 2002 Y\u0131l\u0131nda \u0130zmirin Torbal\u0131 il\u00e7esinde mesle\u011fe ba\u015flam\u0131\u015f bir anne olarak, mesle\u011fe biricik k\u0131z\u0131m Gizem ile birlikte devam etmekteyiz. En \u00f6zel g\u00fcnlerinizde profesyonel t\u00fcrban tasar\u0131m, profesyonel makyaj, ipek kirpik vb. \u00fcr\u00fcnleri sizin i\u00e7in optimize ederek&hellip;","_links":{"self":[{"href":"https:\/\/gizemkuafor.com\/index.php\/wp-json\/wp\/v2\/pages\/950"}],"collection":[{"href":"https:\/\/gizemkuafor.com\/index.php\/wp-json\/wp\/v2\/pages"}],"about":[{"href":"https:\/\/gizemkuafor.com\/index.php\/wp-json\/wp\/v2\/types\/page"}],"author":[{"embeddable":true,"href":"https:\/\/gizemkuafor.com\/index.php\/wp-json\/wp\/v2\/users\/1"}],"replies":[{"embeddable":true,"href":"https:\/\/gizemkuafor.com\/index.php\/wp-json\/wp\/v2\/comments?post=950"}],"version-history":[{"count":19,"href":"https:\/\/gizemkuafor.com\/index.php\/wp-json\/wp\/v2\/pages\/950\/revisions"}],"predecessor-version":[{"id":1546,"href":"https:\/\/gizemkuafor.com\/index.php\/wp-json\/wp\/v2\/pages\/950\/revisions\/1546"}],"wp:attachment":[{"href":"https:\/\/gizemkuafor.com\/index.php\/wp-json\/wp\/v2\/media?parent=950"}],"curies":[{"name":"wp","href":"https:\/\/api.w.org\/{rel}","templated":true}]}}